{"id":42,"date":"2025-06-30T08:31:10","date_gmt":"2025-06-30T08:31:10","guid":{"rendered":"https:\/\/endurio.se\/?page_id=42"},"modified":"2025-11-26T10:04:38","modified_gmt":"2025-11-26T10:04:38","slug":"om-endurio","status":"publish","type":"page","link":"https:\/\/endurio.se\/en\/om-endurio\/","title":{"rendered":"Om Endurio"},"content":{"rendered":"<div data-elementor-type=\"wp-page\" data-elementor-id=\"42\" class=\"elementor elementor-42\" data-elementor-post-type=\"page\">\n\t\t\t\t<div class=\"elementor-element elementor-element-c171f22 e-con-full e-flex e-con e-parent\" data-id=\"c171f22\" data-element_type=\"container\" data-settings=\"{&quot;background_background&quot;:&quot;classic&quot;}\">\n\t\t\t\t<div class=\"elementor-element elementor-element-8ec8c16 elementor-position-left elementor-widget__width-initial elementor-mobile-position-left elementor-view-default elementor-widget elementor-widget-icon-box\" data-id=\"8ec8c16\" data-element_type=\"widget\" data-widget_type=\"icon-box.default\">\n\t\t\t\t<div class=\"elementor-widget-container\">\n\t\t\t\t\t\t\t<div class=\"elementor-icon-box-wrapper\">\n\n\t\t\t\t\t\t<div class=\"elementor-icon-box-icon\">\n\t\t\t\t<span  class=\"elementor-icon\">\n\t\t\t\t<svg aria-hidden=\"true\" class=\"e-font-icon-svg e-fas-caret-down\" viewbox=\"0 0 320 512\" xmlns=\"http:\/\/www.w3.org\/2000\/svg\"><path d=\"M31.3 192h257.3c17.8 0 26.7 21.5 14.1 34.1L174.1 354.8c-7.8 7.8-20.5 7.8-28.3 0L17.2 226.1C4.6 213.5 13.5 192 31.3 192z\"><\/path><\/svg>\t\t\t\t<\/span>\n\t\t\t<\/div>\n\t\t\t\n\t\t\t\t\t\t<div class=\"elementor-icon-box-content\">\n\n\t\t\t\t\t\t\t\t\t<h3 class=\"elementor-icon-box-title\">\n\t\t\t\t\t\t<span  >\n\t\t\t\t\t\t\tWe are Endurio\t\t\t\t\t\t<\/span>\n\t\t\t\t\t<\/h3>\n\t\t\t\t\n\t\t\t\t\n\t\t\t<\/div>\n\t\t\t\n\t\t<\/div>\n\t\t\t\t\t\t<\/div>\n\t\t\t\t<\/div>\n\t\t\t\t<div class=\"elementor-element elementor-element-a0e8bd0 elementor-widget-mobile__width-initial elementor-invisible elementor-widget elementor-widget-heading\" data-id=\"a0e8bd0\" data-element_type=\"widget\" data-settings=\"{&quot;_animation&quot;:&quot;fadeInUp&quot;}\" data-widget_type=\"heading.default\">\n\t\t\t\t<div class=\"elementor-widget-container\">\n\t\t\t\t\t<h2 class=\"elementor-heading-title elementor-size-default\">organizational change and<br>value creation through recruitment<\/h2>\t\t\t\t<\/div>\n\t\t\t\t<\/div>\n\t\t\t\t<\/div>\n\t\t<div class=\"elementor-element elementor-element-df58c8d e-con-full e-flex e-con e-parent\" data-id=\"df58c8d\" data-element_type=\"container\" data-settings=\"{&quot;background_background&quot;:&quot;slideshow&quot;,&quot;background_slideshow_gallery&quot;:[{&quot;id&quot;:3625,&quot;url&quot;:&quot;http:\\\/\\\/endurio.se\\\/wp-content\\\/uploads\\\/2025\\\/09\\\/exe1.png&quot;}],&quot;background_slideshow_loop&quot;:&quot;yes&quot;,&quot;background_slideshow_slide_duration&quot;:5000,&quot;background_slideshow_slide_transition&quot;:&quot;fade&quot;,&quot;background_slideshow_transition_duration&quot;:500}\">\n\t\t\t\t<\/div>\n\t\t<div class=\"elementor-element elementor-element-62a49c0 e-con-full e-flex e-con e-parent\" data-id=\"62a49c0\" data-element_type=\"container\" data-settings=\"{&quot;background_background&quot;:&quot;classic&quot;}\">\n\t\t<div class=\"elementor-element elementor-element-67a1b88 e-flex e-con-boxed e-con e-child\" data-id=\"67a1b88\" data-element_type=\"container\">\n\t\t\t\t\t<div class=\"e-con-inner\">\n\t\t\t\t<div class=\"elementor-element elementor-element-f190734 animated-slow elementor-widget__width-initial elementor-invisible elementor-widget elementor-widget-n-accordion\" data-id=\"f190734\" data-element_type=\"widget\" data-settings=\"{&quot;_animation&quot;:&quot;fadeIn&quot;,&quot;default_state&quot;:&quot;all_collapsed&quot;,&quot;max_items_expended&quot;:&quot;one&quot;,&quot;n_accordion_animation_duration&quot;:{&quot;unit&quot;:&quot;ms&quot;,&quot;size&quot;:400,&quot;sizes&quot;:[]}}\" data-widget_type=\"nested-accordion.default\">\n\t\t\t\t<div class=\"elementor-widget-container\">\n\t\t\t\t\t\t\t<div class=\"e-n-accordion\" aria-label=\"Accordion. Open links with Enter or Space, close with Escape, and navigate with Arrow Keys\">\n\t\t\t\t\t\t<details id=\"e-n-accordion-item-2530\" class=\"e-n-accordion-item\" >\n\t\t\t\t<summary class=\"e-n-accordion-item-title\" data-accordion-index=\"1\" tabindex=\"0\" aria-expanded=\"false\" aria-controls=\"e-n-accordion-item-2530\" >\n\t\t\t\t\t<span class='e-n-accordion-item-title-header'><div class=\"e-n-accordion-item-title-text\"> driving force <\/div><\/span>\n\t\t\t\t\t\t\t<span class='e-n-accordion-item-title-icon'>\n\t\t\t<span class='e-opened' ><svg aria-hidden=\"true\" class=\"e-font-icon-svg e-fas-minus\" viewbox=\"0 0 448 512\" xmlns=\"http:\/\/www.w3.org\/2000\/svg\"><path d=\"M416 208H32c-17.67 0-32 14.33-32 32v32c0 17.67 14.33 32 32 32h384c17.67 0 32-14.33 32-32v-32c0-17.67-14.33-32-32-32z\"><\/path><\/svg><\/span>\n\t\t\t<span class='e-closed'><svg aria-hidden=\"true\" class=\"e-font-icon-svg e-fas-plus\" viewbox=\"0 0 448 512\" xmlns=\"http:\/\/www.w3.org\/2000\/svg\"><path d=\"M416 208H272V64c0-17.67-14.33-32-32-32h-32c-17.67 0-32 14.33-32 32v144H32c-17.67 0-32 14.33-32 32v32c0 17.67 14.33 32 32 32h144v144c0 17.67 14.33 32 32 32h32c17.67 0 32-14.33 32-32V304h144c17.67 0 32-14.33 32-32v-32c0-17.67-14.33-32-32-32z\"><\/path><\/svg><\/span>\n\t\t<\/span>\n\n\t\t\t\t\t\t<\/summary>\n\t\t\t\t<div role=\"region\" aria-labelledby=\"e-n-accordion-item-2530\" class=\"elementor-element elementor-element-a964084 e-con-full e-flex e-con e-child\" data-id=\"a964084\" data-element_type=\"container\">\n\t\t<div role=\"region\" aria-labelledby=\"e-n-accordion-item-2530\" class=\"elementor-element elementor-element-70f5557 e-flex e-con-boxed e-con e-child\" data-id=\"70f5557\" data-element_type=\"container\">\n\t\t\t\t\t<div class=\"e-con-inner\">\n\t\t\t\t<div class=\"elementor-element elementor-element-889de49 elementor-widget__width-initial elementor-widget elementor-widget-text-editor\" data-id=\"889de49\" data-element_type=\"widget\" data-widget_type=\"text-editor.default\">\n\t\t\t\t<div class=\"elementor-widget-container\">\n\t\t\t\t\t\t\t\t\t<p data-start=\"64\" data-end=\"136\"><span style=\"color: #cbb77c;\">Our motivation is simple: to help companies and individuals move forward.<\/span><\/p><p data-start=\"138\" data-end=\"496\">We specialise in recruitment, executive search, interim management and staffing in finance, banking and real estate. Our team offers full support \u2013 from needs analysis to onboarding the right talent. We want to be the reliable partner who not only fills a position, but also contributes to growth and development through the right people and solutions.<\/p>\t\t\t\t\t\t\t\t<\/div>\n\t\t\t\t<\/div>\n\t\t\t\t\t<\/div>\n\t\t\t\t<\/div>\n\t\t\t\t<\/div>\n\t\t\t\t\t<\/details>\n\t\t\t\t\t\t<details id=\"e-n-accordion-item-2531\" class=\"e-n-accordion-item\" >\n\t\t\t\t<summary class=\"e-n-accordion-item-title\" data-accordion-index=\"2\" tabindex=\"-1\" aria-expanded=\"false\" aria-controls=\"e-n-accordion-item-2531\" >\n\t\t\t\t\t<span class='e-n-accordion-item-title-header'><div class=\"e-n-accordion-item-title-text\"> IDENTITY <\/div><\/span>\n\t\t\t\t\t\t\t<span class='e-n-accordion-item-title-icon'>\n\t\t\t<span class='e-opened' ><svg aria-hidden=\"true\" class=\"e-font-icon-svg e-fas-minus\" viewbox=\"0 0 448 512\" xmlns=\"http:\/\/www.w3.org\/2000\/svg\"><path d=\"M416 208H32c-17.67 0-32 14.33-32 32v32c0 17.67 14.33 32 32 32h384c17.67 0 32-14.33 32-32v-32c0-17.67-14.33-32-32-32z\"><\/path><\/svg><\/span>\n\t\t\t<span class='e-closed'><svg aria-hidden=\"true\" class=\"e-font-icon-svg e-fas-plus\" viewbox=\"0 0 448 512\" xmlns=\"http:\/\/www.w3.org\/2000\/svg\"><path d=\"M416 208H272V64c0-17.67-14.33-32-32-32h-32c-17.67 0-32 14.33-32 32v144H32c-17.67 0-32 14.33-32 32v32c0 17.67 14.33 32 32 32h144v144c0 17.67 14.33 32 32 32h32c17.67 0 32-14.33 32-32V304h144c17.67 0 32-14.33 32-32v-32c0-17.67-14.33-32-32-32z\"><\/path><\/svg><\/span>\n\t\t<\/span>\n\n\t\t\t\t\t\t<\/summary>\n\t\t\t\t<div role=\"region\" aria-labelledby=\"e-n-accordion-item-2531\" class=\"elementor-element elementor-element-577e1c1 e-con-full e-flex e-con e-child\" data-id=\"577e1c1\" data-element_type=\"container\">\n\t\t<div role=\"region\" aria-labelledby=\"e-n-accordion-item-2531\" class=\"elementor-element elementor-element-568b2f6 e-flex e-con-boxed e-con e-child\" data-id=\"568b2f6\" data-element_type=\"container\">\n\t\t\t\t\t<div class=\"e-con-inner\">\n\t\t\t\t<div class=\"elementor-element elementor-element-47e741b elementor-widget__width-initial elementor-widget elementor-widget-text-editor\" data-id=\"47e741b\" data-element_type=\"widget\" data-widget_type=\"text-editor.default\">\n\t\t\t\t<div class=\"elementor-widget-container\">\n\t\t\t\t\t\t\t\t\t<p data-start=\"64\" data-end=\"136\"><span style=\"color: #cbb77c;\">At Endurio, we believe that real development happens when companies and people grow together.<\/span><\/p><p data-start=\"138\" data-end=\"496\">Our foundation rests on personal commitment, industry knowledge, and continuous development. Each member of our team contributes valuable experience\u2014and the lessons we have learned over the years\u2014which we use to create the best possible results for our clients. We value integrity, hard work, and a deep understanding of the financial, banking, and real estate sectors. Collaboration, trust, and a commitment to quality permeate our approach to work and how we build long-term relationships.<\/p>\t\t\t\t\t\t\t\t<\/div>\n\t\t\t\t<\/div>\n\t\t\t\t\t<\/div>\n\t\t\t\t<\/div>\n\t\t\t\t<\/div>\n\t\t\t\t\t<\/details>\n\t\t\t\t\t\t<details id=\"e-n-accordion-item-2532\" class=\"e-n-accordion-item\" >\n\t\t\t\t<summary class=\"e-n-accordion-item-title\" data-accordion-index=\"3\" tabindex=\"-1\" aria-expanded=\"false\" aria-controls=\"e-n-accordion-item-2532\" >\n\t\t\t\t\t<span class='e-n-accordion-item-title-header'><div class=\"e-n-accordion-item-title-text\"> COMPETENCE <\/div><\/span>\n\t\t\t\t\t\t\t<span class='e-n-accordion-item-title-icon'>\n\t\t\t<span class='e-opened' ><svg aria-hidden=\"true\" class=\"e-font-icon-svg e-fas-minus\" viewbox=\"0 0 448 512\" xmlns=\"http:\/\/www.w3.org\/2000\/svg\"><path d=\"M416 208H32c-17.67 0-32 14.33-32 32v32c0 17.67 14.33 32 32 32h384c17.67 0 32-14.33 32-32v-32c0-17.67-14.33-32-32-32z\"><\/path><\/svg><\/span>\n\t\t\t<span class='e-closed'><svg aria-hidden=\"true\" class=\"e-font-icon-svg e-fas-plus\" viewbox=\"0 0 448 512\" xmlns=\"http:\/\/www.w3.org\/2000\/svg\"><path d=\"M416 208H272V64c0-17.67-14.33-32-32-32h-32c-17.67 0-32 14.33-32 32v144H32c-17.67 0-32 14.33-32 32v32c0 17.67 14.33 32 32 32h144v144c0 17.67 14.33 32 32 32h32c17.67 0 32-14.33 32-32V304h144c17.67 0 32-14.33 32-32v-32c0-17.67-14.33-32-32-32z\"><\/path><\/svg><\/span>\n\t\t<\/span>\n\n\t\t\t\t\t\t<\/summary>\n\t\t\t\t<div role=\"region\" aria-labelledby=\"e-n-accordion-item-2532\" class=\"elementor-element elementor-element-6ec0f52 e-con-full e-flex e-con e-child\" data-id=\"6ec0f52\" data-element_type=\"container\">\n\t\t<div role=\"region\" aria-labelledby=\"e-n-accordion-item-2532\" class=\"elementor-element elementor-element-7ea4779 e-flex e-con-boxed e-con e-child\" data-id=\"7ea4779\" data-element_type=\"container\">\n\t\t\t\t\t<div class=\"e-con-inner\">\n\t\t\t\t<div class=\"elementor-element elementor-element-7b2c093 elementor-widget__width-initial elementor-widget elementor-widget-text-editor\" data-id=\"7b2c093\" data-element_type=\"widget\" data-widget_type=\"text-editor.default\">\n\t\t\t\t<div class=\"elementor-widget-container\">\n\t\t\t\t\t\t\t\t\t<p data-start=\"64\" data-end=\"136\"><span style=\"color: #cbb77c;\">Endurio is a personal boutique company that prioritizes commitment over large-scale processes. We tailor each assignment to our clients' needs and use our extensive network and deep industry knowledge to find the best candidates.<\/span><\/p><p data-start=\"138\" data-end=\"496\">Our approach delivers accurate and high-quality results, with a proven track record of accuracy. We offer a complete range of tests, background checks, and ongoing support. At Endurio, our success is measured by the long-term value and growth we create for our customers and partners.<\/p>\t\t\t\t\t\t\t\t<\/div>\n\t\t\t\t<\/div>\n\t\t\t\t\t<\/div>\n\t\t\t\t<\/div>\n\t\t\t\t<\/div>\n\t\t\t\t\t<\/details>\n\t\t\t\t\t<\/div>\n\t\t\t\t\t\t<\/div>\n\t\t\t\t<\/div>\n\t\t\t\t\t<\/div>\n\t\t\t\t<\/div>\n\t\t\t\t<div class=\"elementor-element elementor-element-a8c6663 animated-slow elementor-widget-mobile__width-initial elementor-invisible elementor-widget elementor-widget-heading\" data-id=\"a8c6663\" data-element_type=\"widget\" data-settings=\"{&quot;_animation&quot;:&quot;fadeIn&quot;}\" data-widget_type=\"heading.default\">\n\t\t\t\t<div class=\"elementor-widget-container\">\n\t\t\t\t\t<h2 class=\"elementor-heading-title elementor-size-default\">Would you like to discuss recruitment?<\/h2>\t\t\t\t<\/div>\n\t\t\t\t<\/div>\n\t\t\t\t<div class=\"elementor-element elementor-element-0e199b1 elementor-align-center elementor-widget__width-initial animated-slow elementor-mobile-align-center elementor-widget-mobile__width-initial elementor-invisible elementor-widget elementor-widget-button\" data-id=\"0e199b1\" data-element_type=\"widget\" data-settings=\"{&quot;_animation&quot;:&quot;fadeInUp&quot;}\" data-widget_type=\"button.default\">\n\t\t\t\t<div class=\"elementor-widget-container\">\n\t\t\t\t\t\t\t\t\t<div class=\"elementor-button-wrapper\">\n\t\t\t\t\t<a class=\"elementor-button elementor-button-link elementor-size-sm\" href=\"#elementor-action%3Aaction%3Dpopup%3Aopen%26settings%3DeyJpZCI6IjE2NzEiLCJ0b2dnbGUiOmZhbHNlfQ%3D%3D\">\n\t\t\t\t\t\t<span class=\"elementor-button-content-wrapper\">\n\t\t\t\t\t\t\t\t\t<span class=\"elementor-button-text\">contact us<\/span>\n\t\t\t\t\t<\/span>\n\t\t\t\t\t<\/a>\n\t\t\t\t<\/div>\n\t\t\t\t\t\t\t\t<\/div>\n\t\t\t\t<\/div>\n\t\t\t\t<\/div>\n\t\t\t\t<\/div>","protected":false},"excerpt":{"rendered":"<p>vi \u00e4r Endurio organisationsf\u00f6r\u00e4nding ochv\u00e4rdeskapande genom rekrytering drivkraft V\u00e5r drivkraft \u00e4r enkel: att hj\u00e4lpa f\u00f6retag och individer att avancera. Vi \u00e4r specialiserade inom rekrytering, executive search, interim management och bemanning inom ekonomi, bank och fastighet. V\u00e5rt team erbjuder fullt st\u00f6d \u2013 fr\u00e5n behovsanalys till onboarding av r\u00e4tt kompetens. Vi vill vara den p\u00e5litliga partnern som [&hellip;]<\/p>","protected":false},"author":1,"featured_media":0,"parent":0,"menu_order":0,"comment_status":"closed","ping_status":"closed","template":"","meta":{"footnotes":""},"class_list":["post-42","page","type-page","status-publish","hentry"],"yoast_head":"<!-- This site is optimized with the Yoast SEO plugin v26.4 - https:\/\/yoast.com\/wordpress\/plugins\/seo\/ -->\n<title>Om Endurio - Endurio<\/title>\n<meta name=\"robots\" content=\"index, follow, max-snippet:-1, max-image-preview:large, max-video-preview:-1\" \/>\n<link rel=\"canonical\" href=\"https:\/\/nordicspring.se\/om-endurio\/\" \/>\n<meta property=\"og:locale\" content=\"en_US\" \/>\n<meta property=\"og:type\" content=\"article\" \/>\n<meta property=\"og:title\" content=\"Om Endurio - Endurio\" \/>\n<meta property=\"og:description\" content=\"vi \u00e4r Endurio organisationsf\u00f6r\u00e4nding ochv\u00e4rdeskapande genom rekrytering drivkraft V\u00e5r drivkraft \u00e4r enkel: att hj\u00e4lpa f\u00f6retag och individer att avancera. Vi \u00e4r specialiserade inom rekrytering, executive search, interim management och bemanning inom ekonomi, bank och fastighet. V\u00e5rt team erbjuder fullt st\u00f6d \u2013 fr\u00e5n behovsanalys till onboarding av r\u00e4tt kompetens. Vi vill vara den p\u00e5litliga partnern som [&hellip;]\" \/>\n<meta property=\"og:url\" content=\"https:\/\/nordicspring.se\/om-endurio\/\" \/>\n<meta property=\"og:site_name\" content=\"Endurio\" \/>\n<meta property=\"article:modified_time\" content=\"2025-11-26T10:04:38+00:00\" \/>\n<meta name=\"twitter:card\" content=\"summary_large_image\" \/>\n<meta name=\"twitter:label1\" content=\"Est. reading time\" \/>\n\t<meta name=\"twitter:data1\" content=\"1 minute\" \/>\n<script type=\"application\/ld+json\" class=\"yoast-schema-graph\">{\"@context\":\"https:\/\/schema.org\",\"@graph\":[{\"@type\":\"WebPage\",\"@id\":\"https:\/\/nordicspring.se\/om-endurio\/\",\"url\":\"https:\/\/nordicspring.se\/om-endurio\/\",\"name\":\"Om Endurio - Endurio\",\"isPartOf\":{\"@id\":\"http:\/\/3.64.9.194\/#website\"},\"datePublished\":\"2025-06-30T08:31:10+00:00\",\"dateModified\":\"2025-11-26T10:04:38+00:00\",\"breadcrumb\":{\"@id\":\"https:\/\/nordicspring.se\/om-endurio\/#breadcrumb\"},\"inLanguage\":\"en-US\",\"potentialAction\":[{\"@type\":\"ReadAction\",\"target\":[\"https:\/\/nordicspring.se\/om-endurio\/\"]}]},{\"@type\":\"BreadcrumbList\",\"@id\":\"https:\/\/nordicspring.se\/om-endurio\/#breadcrumb\",\"itemListElement\":[{\"@type\":\"ListItem\",\"position\":1,\"name\":\"Home\",\"item\":\"https:\/\/nordicspring.se\/\"},{\"@type\":\"ListItem\",\"position\":2,\"name\":\"Om Endurio\"}]},{\"@type\":\"WebSite\",\"@id\":\"http:\/\/3.64.9.194\/#website\",\"url\":\"http:\/\/3.64.9.194\/\",\"name\":\"Endurio\",\"description\":\"f\u00f6retag och talang, S\u00f6ml\u00f6st f\u00f6renade\",\"publisher\":{\"@id\":\"http:\/\/3.64.9.194\/#organization\"},\"potentialAction\":[{\"@type\":\"SearchAction\",\"target\":{\"@type\":\"EntryPoint\",\"urlTemplate\":\"http:\/\/3.64.9.194\/?s={search_term_string}\"},\"query-input\":{\"@type\":\"PropertyValueSpecification\",\"valueRequired\":true,\"valueName\":\"search_term_string\"}}],\"inLanguage\":\"en-US\"},{\"@type\":\"Organization\",\"@id\":\"http:\/\/3.64.9.194\/#organization\",\"name\":\"Endurio\",\"url\":\"http:\/\/3.64.9.194\/\",\"logo\":{\"@type\":\"ImageObject\",\"inLanguage\":\"en-US\",\"@id\":\"http:\/\/3.64.9.194\/#\/schema\/logo\/image\/\",\"url\":\"https:\/\/endurio.se\/wp-content\/uploads\/2025\/05\/logo3.svg\",\"contentUrl\":\"https:\/\/endurio.se\/wp-content\/uploads\/2025\/05\/logo3.svg\",\"width\":412,\"height\":75,\"caption\":\"Endurio\"},\"image\":{\"@id\":\"http:\/\/3.64.9.194\/#\/schema\/logo\/image\/\"}}]}<\/script>\n<!-- \/ Yoast SEO plugin. -->","yoast_head_json":{"title":"Om Endurio - Endurio","robots":{"index":"index","follow":"follow","max-snippet":"max-snippet:-1","max-image-preview":"max-image-preview:large","max-video-preview":"max-video-preview:-1"},"canonical":"https:\/\/nordicspring.se\/om-endurio\/","og_locale":"en_US","og_type":"article","og_title":"Om Endurio - Endurio","og_description":"vi \u00e4r Endurio organisationsf\u00f6r\u00e4nding ochv\u00e4rdeskapande genom rekrytering drivkraft V\u00e5r drivkraft \u00e4r enkel: att hj\u00e4lpa f\u00f6retag och individer att avancera. Vi \u00e4r specialiserade inom rekrytering, executive search, interim management och bemanning inom ekonomi, bank och fastighet. V\u00e5rt team erbjuder fullt st\u00f6d \u2013 fr\u00e5n behovsanalys till onboarding av r\u00e4tt kompetens. Vi vill vara den p\u00e5litliga partnern som [&hellip;]","og_url":"https:\/\/nordicspring.se\/om-endurio\/","og_site_name":"Endurio","article_modified_time":"2025-11-26T10:04:38+00:00","twitter_card":"summary_large_image","twitter_misc":{"Est. reading time":"1 minute"},"schema":{"@context":"https:\/\/schema.org","@graph":[{"@type":"WebPage","@id":"https:\/\/nordicspring.se\/om-endurio\/","url":"https:\/\/nordicspring.se\/om-endurio\/","name":"Om Endurio - Endurio","isPartOf":{"@id":"http:\/\/3.64.9.194\/#website"},"datePublished":"2025-06-30T08:31:10+00:00","dateModified":"2025-11-26T10:04:38+00:00","breadcrumb":{"@id":"https:\/\/nordicspring.se\/om-endurio\/#breadcrumb"},"inLanguage":"en-US","potentialAction":[{"@type":"ReadAction","target":["https:\/\/nordicspring.se\/om-endurio\/"]}]},{"@type":"BreadcrumbList","@id":"https:\/\/nordicspring.se\/om-endurio\/#breadcrumb","itemListElement":[{"@type":"ListItem","position":1,"name":"Home","item":"https:\/\/nordicspring.se\/"},{"@type":"ListItem","position":2,"name":"Om Endurio"}]},{"@type":"WebSite","@id":"http:\/\/3.64.9.194\/#website","url":"http:\/\/3.64.9.194\/","name":"Endurio","description":"f\u00f6retag och talang, S\u00f6ml\u00f6st f\u00f6renade","publisher":{"@id":"http:\/\/3.64.9.194\/#organization"},"potentialAction":[{"@type":"SearchAction","target":{"@type":"EntryPoint","urlTemplate":"http:\/\/3.64.9.194\/?s={search_term_string}"},"query-input":{"@type":"PropertyValueSpecification","valueRequired":true,"valueName":"search_term_string"}}],"inLanguage":"en-US"},{"@type":"Organization","@id":"http:\/\/3.64.9.194\/#organization","name":"Endurio","url":"http:\/\/3.64.9.194\/","logo":{"@type":"ImageObject","inLanguage":"en-US","@id":"http:\/\/3.64.9.194\/#\/schema\/logo\/image\/","url":"https:\/\/endurio.se\/wp-content\/uploads\/2025\/05\/logo3.svg","contentUrl":"https:\/\/endurio.se\/wp-content\/uploads\/2025\/05\/logo3.svg","width":412,"height":75,"caption":"Endurio"},"image":{"@id":"http:\/\/3.64.9.194\/#\/schema\/logo\/image\/"}}]}},"_links":{"self":[{"href":"https:\/\/endurio.se\/en\/wp-json\/wp\/v2\/pages\/42","targetHints":{"allow":["GET"]}}],"collection":[{"href":"https:\/\/endurio.se\/en\/wp-json\/wp\/v2\/pages"}],"about":[{"href":"https:\/\/endurio.se\/en\/wp-json\/wp\/v2\/types\/page"}],"author":[{"embeddable":true,"href":"https:\/\/endurio.se\/en\/wp-json\/wp\/v2\/users\/1"}],"replies":[{"embeddable":true,"href":"https:\/\/endurio.se\/en\/wp-json\/wp\/v2\/comments?post=42"}],"version-history":[{"count":103,"href":"https:\/\/endurio.se\/en\/wp-json\/wp\/v2\/pages\/42\/revisions"}],"predecessor-version":[{"id":3713,"href":"https:\/\/endurio.se\/en\/wp-json\/wp\/v2\/pages\/42\/revisions\/3713"}],"wp:attachment":[{"href":"https:\/\/endurio.se\/en\/wp-json\/wp\/v2\/media?parent=42"}],"curies":[{"name":"wp","href":"https:\/\/api.w.org\/{rel}","templated":true}]}}